{"id":32,"date":"2021-05-25T10:15:10","date_gmt":"2021-05-25T10:15:10","guid":{"rendered":"http:\/\/robertmarteau.fr\/index.php\/contact\/"},"modified":"2022-11-09T15:23:33","modified_gmt":"2022-11-09T14:23:33","slug":"contact","status":"publish","type":"page","link":"https:\/\/robertmarteau.fr\/index.php\/contact\/","title":{"rendered":"Contact"},"content":{"rendered":"\t\t<div data-elementor-type=\"wp-page\" data-elementor-id=\"32\" class=\"elementor elementor-32\">\n\t\t\t\t\t\t<section class=\"elementor-section elementor-top-section elementor-element elementor-element-3f048ac elementor-section-height-min-height elementor-section-boxed elementor-section-height-default elementor-section-items-middle wpr-particle-no wpr-jarallax-no wpr-parallax-no wpr-sticky-section-no\" data-id=\"3f048ac\" data-element_type=\"section\" data-e-type=\"section\" data-settings=\"{&quot;background_background&quot;:&quot;classic&quot;}\">\n\t\t\t\t\t\t\t<div class=\"elementor-background-overlay\"><\/div>\n\t\t\t\t\t\t\t<div class=\"elementor-container elementor-column-gap-no\">\n\t\t\t\t\t<div class=\"elementor-column elementor-col-100 elementor-top-column elementor-element elementor-element-31e8ff1\" data-id=\"31e8ff1\" data-element_type=\"column\" data-e-type=\"column\">\n\t\t\t<div class=\"elementor-widget-wrap elementor-element-populated\">\n\t\t\t\t\t\t<div class=\"elementor-element elementor-element-4262c4a elementor-widget-divider--view-line elementor-widget elementor-widget-divider\" data-id=\"4262c4a\" data-element_type=\"widget\" data-e-type=\"widget\" data-widget_type=\"divider.default\">\n\t\t\t\t<div class=\"elementor-widget-container\">\n\t\t\t\t\t\t\t<div class=\"elementor-divider\">\n\t\t\t<span class=\"elementor-divider-separator\">\n\t\t\t\t\t\t<\/span>\n\t\t<\/div>\n\t\t\t\t\t\t<\/div>\n\t\t\t\t<\/div>\n\t\t\t\t<div class=\"elementor-element elementor-element-20b8845 elementor-widget elementor-widget-heading\" data-id=\"20b8845\" data-element_type=\"widget\" data-e-type=\"widget\" data-widget_type=\"heading.default\">\n\t\t\t\t<div class=\"elementor-widget-container\">\n\t\t\t\t\t<h1 class=\"elementor-heading-title elementor-size-default\">Contact<\/h1>\t\t\t\t<\/div>\n\t\t\t\t<\/div>\n\t\t\t\t\t<\/div>\n\t\t<\/div>\n\t\t\t\t\t<\/div>\n\t\t<\/section>\n\t\t\t\t<section class=\"elementor-section elementor-top-section elementor-element elementor-element-ad8c3e9 elementor-section-boxed elementor-section-height-default elementor-section-height-default wpr-particle-no wpr-jarallax-no wpr-parallax-no wpr-sticky-section-no\" data-id=\"ad8c3e9\" data-element_type=\"section\" data-e-type=\"section\" data-settings=\"{&quot;background_background&quot;:&quot;classic&quot;}\">\n\t\t\t\t\t\t<div class=\"elementor-container elementor-column-gap-default\">\n\t\t\t\t\t<div class=\"elementor-column elementor-col-100 elementor-top-column elementor-element elementor-element-191402b\" data-id=\"191402b\" data-element_type=\"column\" data-e-type=\"column\">\n\t\t\t<div class=\"elementor-widget-wrap elementor-element-populated\">\n\t\t\t\t\t\t<div class=\"elementor-element elementor-element-cf82ad1 elementor-widget elementor-widget-text-editor\" data-id=\"cf82ad1\" data-element_type=\"widget\" data-e-type=\"widget\" data-widget_type=\"text-editor.default\">\n\t\t\t\t<div class=\"elementor-widget-container\">\n\t\t\t\t\t\t\t\t\t<p>Ce site internet est l&rsquo;oeuvre de la Soci\u00e9t\u00e9 des Amis de Robert Marteau, association loi 1901 qui a pour but de pr\u00e9server et faire rayonner l&rsquo;oeuvre du po\u00e8te. L&rsquo;association a \u00e9t\u00e9 cr\u00e9\u00e9e par sa fille Fran\u00e7oise Chevenne en 2016. Elle est compos\u00e9e des ayants droits de Robert Marteau, de ses amis et universitaires.<\/p>\n<p>N&rsquo;h\u00e9sitez pas \u00e0 nous contacter pour toute demande de renseignement ou travaux de recherche.<\/p>\t\t\t\t\t\t\t\t<\/div>\n\t\t\t\t<\/div>\n\t\t\t\t\t<\/div>\n\t\t<\/div>\n\t\t\t\t\t<\/div>\n\t\t<\/section>\n\t\t\t\t<section class=\"elementor-section elementor-top-section elementor-element elementor-element-f187575 elementor-section-boxed elementor-section-height-default elementor-section-height-default wpr-particle-no wpr-jarallax-no wpr-parallax-no wpr-sticky-section-no\" data-id=\"f187575\" data-element_type=\"section\" data-e-type=\"section\" data-settings=\"{&quot;background_background&quot;:&quot;classic&quot;}\">\n\t\t\t\t\t\t<div class=\"elementor-container elementor-column-gap-no\">\n\t\t\t\t\t<div class=\"elementor-column elementor-col-50 elementor-top-column elementor-element elementor-element-d9739ed\" data-id=\"d9739ed\" data-element_type=\"column\" data-e-type=\"column\">\n\t\t\t<div class=\"elementor-widget-wrap elementor-element-populated\">\n\t\t\t\t\t\t<div class=\"elementor-element elementor-element-2e05bd4 elementor-widget elementor-widget-heading\" data-id=\"2e05bd4\" data-element_type=\"widget\" data-e-type=\"widget\" data-widget_type=\"heading.default\">\n\t\t\t\t<div class=\"elementor-widget-container\">\n\t\t\t\t\t<h2 class=\"elementor-heading-title elementor-size-default\">contact<\/h2>\t\t\t\t<\/div>\n\t\t\t\t<\/div>\n\t\t\t\t<div class=\"elementor-element elementor-element-e251f34 elementor-icon-list--layout-traditional elementor-list-item-link-full_width elementor-widget elementor-widget-icon-list\" data-id=\"e251f34\" data-element_type=\"widget\" data-e-type=\"widget\" data-widget_type=\"icon-list.default\">\n\t\t\t\t<div class=\"elementor-widget-container\">\n\t\t\t\t\t\t\t<ul class=\"elementor-icon-list-items\">\n\t\t\t\t\t\t\t<li class=\"elementor-icon-list-item\">\n\t\t\t\t\t\t\t\t\t\t\t<span class=\"elementor-icon-list-icon\">\n\t\t\t\t\t\t\t<svg aria-hidden=\"true\" class=\"e-font-icon-svg e-fas-envelope\" viewBox=\"0 0 512 512\" xmlns=\"http:\/\/www.w3.org\/2000\/svg\"><path d=\"M502.3 190.8c3.9-3.1 9.7-.2 9.7 4.7V400c0 26.5-21.5 48-48 48H48c-26.5 0-48-21.5-48-48V195.6c0-5 5.7-7.8 9.7-4.7 22.4 17.4 52.1 39.5 154.1 113.6 21.1 15.4 56.7 47.8 92.2 47.6 35.7.3 72-32.8 92.3-47.6 102-74.1 131.6-96.3 154-113.7zM256 320c23.2.4 56.6-29.2 73.4-41.4 132.7-96.3 142.8-104.7 173.4-128.7 5.8-4.5 9.2-11.5 9.2-18.9v-19c0-26.5-21.5-48-48-48H48C21.5 64 0 85.5 0 112v19c0 7.4 3.4 14.3 9.2 18.9 30.6 23.9 40.7 32.4 173.4 128.7 16.8 12.2 50.2 41.8 73.4 41.4z\"><\/path><\/svg>\t\t\t\t\t\t<\/span>\n\t\t\t\t\t\t\t\t\t\t<span class=\"elementor-icon-list-text\">contact@robertmarteau.com<\/span>\n\t\t\t\t\t\t\t\t\t<\/li>\n\t\t\t\t\t\t<\/ul>\n\t\t\t\t\t\t<\/div>\n\t\t\t\t<\/div>\n\t\t\t\t\t<\/div>\n\t\t<\/div>\n\t\t\t\t<div class=\"elementor-column elementor-col-50 elementor-top-column elementor-element elementor-element-9f00a16\" data-id=\"9f00a16\" data-element_type=\"column\" data-e-type=\"column\" data-settings=\"{&quot;background_background&quot;:&quot;classic&quot;}\">\n\t\t\t<div class=\"elementor-widget-wrap elementor-element-populated\">\n\t\t\t\t\t\t<div class=\"elementor-element elementor-element-2c923df elementor-widget elementor-widget-heading\" data-id=\"2c923df\" data-element_type=\"widget\" data-e-type=\"widget\" data-widget_type=\"heading.default\">\n\t\t\t\t<div class=\"elementor-widget-container\">\n\t\t\t\t\t<h5 class=\"elementor-heading-title elementor-size-default\">nous \u00e9crire<\/h5>\t\t\t\t<\/div>\n\t\t\t\t<\/div>\n\t\t\t\t<div class=\"elementor-element elementor-element-5a3bcc2 elementor-widget elementor-widget-wpforms\" data-id=\"5a3bcc2\" data-element_type=\"widget\" data-e-type=\"widget\" data-widget_type=\"wpforms.default\">\n\t\t\t\t<div class=\"elementor-widget-container\">\n\t\t\t\t\t<div class=\"wpforms-container \" id=\"wpforms-7\"><form id=\"wpforms-form-7\" class=\"wpforms-validate wpforms-form\" data-formid=\"7\" method=\"post\" enctype=\"multipart\/form-data\" action=\"\/index.php\/wp-json\/wp\/v2\/pages\/32\" data-token=\"de58f3ca3cb82fd9be458b46809e721e\" data-token-time=\"1776506112\"><noscript class=\"wpforms-error-noscript\">Veuillez activer JavaScript dans votre navigateur pour remplir ce formulaire.<\/noscript><div class=\"wpforms-field-container\"><div id=\"wpforms-7-field_0-container\" class=\"wpforms-field wpforms-field-name\" data-field-id=\"0\"><label class=\"wpforms-field-label\" for=\"wpforms-7-field_0\">Name <span class=\"wpforms-required-label\">*<\/span><\/label><input type=\"text\" id=\"wpforms-7-field_0\" class=\"wpforms-field-large wpforms-field-required\" name=\"wpforms[fields][0]\" required><\/div><div id=\"wpforms-7-field_1-container\" class=\"wpforms-field wpforms-field-email\" data-field-id=\"1\"><label class=\"wpforms-field-label\" for=\"wpforms-7-field_1\">Email <span class=\"wpforms-required-label\">*<\/span><\/label><input type=\"email\" id=\"wpforms-7-field_1\" class=\"wpforms-field-large wpforms-field-required\" name=\"wpforms[fields][1]\" spellcheck=\"false\" required><\/div><div id=\"wpforms-7-field_2-container\" class=\"wpforms-field wpforms-field-textarea\" data-field-id=\"2\"><label class=\"wpforms-field-label\" for=\"wpforms-7-field_2\">Message <span class=\"wpforms-required-label\">*<\/span><\/label><textarea id=\"wpforms-7-field_2\" class=\"wpforms-field-medium wpforms-field-required\" name=\"wpforms[fields][2]\" required><\/textarea><\/div><\/div><!-- .wpforms-field-container --><div class=\"wpforms-submit-container\" ><input type=\"hidden\" name=\"wpforms[id]\" value=\"7\"><input type=\"hidden\" name=\"page_title\" value=\"\"><input type=\"hidden\" name=\"page_url\" value=\"https:\/\/robertmarteau.fr\/index.php\/wp-json\/wp\/v2\/pages\/32\"><input type=\"hidden\" name=\"url_referer\" value=\"\"><button type=\"submit\" name=\"wpforms[submit]\" id=\"wpforms-submit-7\" class=\"wpforms-submit\" data-alt-text=\"Sending...\" data-submit-text=\"Submit\" aria-live=\"assertive\" value=\"wpforms-submit\">Submit<\/button><\/div><\/form><\/div>  <!-- .wpforms-container -->\t\t\t\t<\/div>\n\t\t\t\t<\/div>\n\t\t\t\t\t<\/div>\n\t\t<\/div>\n\t\t\t\t\t<\/div>\n\t\t<\/section>\n\t\t\t\t<\/div>\n\t\t","protected":false},"excerpt":{"rendered":"<p>Contact Ce site internet est l&rsquo;oeuvre de la Soci\u00e9t\u00e9 des Amis de Robert Marteau, association loi 1901 qui a pour but de pr\u00e9server et faire rayonner l&rsquo;oeuvre du po\u00e8te. L&rsquo;association a \u00e9t\u00e9 cr\u00e9\u00e9e par sa fille Fran\u00e7oise Chevenne en 2016. Elle est compos\u00e9e des ayants droits de Robert Marteau, de ses amis et universitaires. N&rsquo;h\u00e9sitez &hellip;<\/p>\n<p class=\"read-more\"> <a class=\"\" href=\"https:\/\/robertmarteau.fr\/index.php\/contact\/\"> <span class=\"screen-reader-text\">Contact<\/span> Lire la suite\u00a0\u00bb<\/a><\/p>\n","protected":false},"author":1,"featured_media":0,"parent":0,"menu_order":0,"comment_status":"closed","ping_status":"closed","template":"","meta":{"site-sidebar-layout":"no-sidebar","site-content-layout":"page-builder","ast-global-header-display":"","ast-banner-title-visibility":"","ast-main-header-display":"","ast-hfb-above-header-display":"","ast-hfb-below-header-display":"","ast-hfb-mobile-header-display":"","site-post-title":"disabled","ast-breadcrumbs-content":"disabled","ast-featured-img":"disabled","footer-sml-layout":"","theme-transparent-header-meta":"enabled","adv-header-id-meta":"","stick-header-meta":"","header-above-stick-meta":"","header-main-stick-meta":"","header-below-stick-meta":"","footnotes":""},"class_list":["post-32","page","type-page","status-publish","hentry"],"yoast_head":"<!-- This site is optimized with the Yoast SEO plugin v21.7 - https:\/\/yoast.com\/wordpress\/plugins\/seo\/ -->\n<title>Contact - Robert Marteau<\/title>\n<meta name=\"robots\" content=\"index, follow, max-snippet:-1, max-image-preview:large, max-video-preview:-1\" \/>\n<link rel=\"canonical\" href=\"https:\/\/robertmarteau.fr\/index.php\/contact\/\" \/>\n<meta property=\"og:locale\" content=\"fr_FR\" \/>\n<meta property=\"og:type\" content=\"article\" \/>\n<meta property=\"og:title\" content=\"Contact - Robert Marteau\" \/>\n<meta property=\"og:description\" content=\"Contact Ce site internet est l&rsquo;oeuvre de la Soci\u00e9t\u00e9 des Amis de Robert Marteau, association loi 1901 qui a pour but de pr\u00e9server et faire rayonner l&rsquo;oeuvre du po\u00e8te. L&rsquo;association a \u00e9t\u00e9 cr\u00e9\u00e9e par sa fille Fran\u00e7oise Chevenne en 2016. Elle est compos\u00e9e des ayants droits de Robert Marteau, de ses amis et universitaires. N&rsquo;h\u00e9sitez &hellip; Contact Lire la suite\u00a0\u00bb\" \/>\n<meta property=\"og:url\" content=\"https:\/\/robertmarteau.fr\/index.php\/contact\/\" \/>\n<meta property=\"og:site_name\" content=\"Robert Marteau\" \/>\n<meta property=\"article:modified_time\" content=\"2022-11-09T14:23:33+00:00\" \/>\n<meta name=\"twitter:card\" content=\"summary_large_image\" \/>\n<meta name=\"twitter:label1\" content=\"Dur\u00e9e de lecture estim\u00e9e\" \/>\n\t<meta name=\"twitter:data1\" content=\"1 minute\" \/>\n<script type=\"application\/ld+json\" class=\"yoast-schema-graph\">{\"@context\":\"https:\/\/schema.org\",\"@graph\":[{\"@type\":\"WebPage\",\"@id\":\"https:\/\/robertmarteau.fr\/index.php\/contact\/\",\"url\":\"https:\/\/robertmarteau.fr\/index.php\/contact\/\",\"name\":\"Contact - Robert Marteau\",\"isPartOf\":{\"@id\":\"https:\/\/robertmarteau.fr\/#website\"},\"datePublished\":\"2021-05-25T10:15:10+00:00\",\"dateModified\":\"2022-11-09T14:23:33+00:00\",\"breadcrumb\":{\"@id\":\"https:\/\/robertmarteau.fr\/index.php\/contact\/#breadcrumb\"},\"inLanguage\":\"fr-FR\",\"potentialAction\":[{\"@type\":\"ReadAction\",\"target\":[\"https:\/\/robertmarteau.fr\/index.php\/contact\/\"]}]},{\"@type\":\"BreadcrumbList\",\"@id\":\"https:\/\/robertmarteau.fr\/index.php\/contact\/#breadcrumb\",\"itemListElement\":[{\"@type\":\"ListItem\",\"position\":1,\"name\":\"Accueil\",\"item\":\"https:\/\/robertmarteau.fr\/\"},{\"@type\":\"ListItem\",\"position\":2,\"name\":\"Contact\"}]},{\"@type\":\"WebSite\",\"@id\":\"https:\/\/robertmarteau.fr\/#website\",\"url\":\"https:\/\/robertmarteau.fr\/\",\"name\":\"Robert Marteau\",\"description\":\"Site officiel du po\u00e8te et \u00e9crivain fran\u00e7ais Robert Marteau\",\"publisher\":{\"@id\":\"https:\/\/robertmarteau.fr\/#\/schema\/person\/c547468caeef49b142c01cd676400c19\"},\"potentialAction\":[{\"@type\":\"SearchAction\",\"target\":{\"@type\":\"EntryPoint\",\"urlTemplate\":\"https:\/\/robertmarteau.fr\/?s={search_term_string}\"},\"query-input\":\"required name=search_term_string\"}],\"inLanguage\":\"fr-FR\"},{\"@type\":[\"Person\",\"Organization\"],\"@id\":\"https:\/\/robertmarteau.fr\/#\/schema\/person\/c547468caeef49b142c01cd676400c19\",\"name\":\"Robert Marteau\",\"image\":{\"@type\":\"ImageObject\",\"inLanguage\":\"fr-FR\",\"@id\":\"https:\/\/robertmarteau.fr\/#\/schema\/person\/image\/\",\"url\":\"https:\/\/robertmarteau.fr\/wp-content\/uploads\/2022\/10\/AVT_Robert-Marteau_5105.webp\",\"contentUrl\":\"https:\/\/robertmarteau.fr\/wp-content\/uploads\/2022\/10\/AVT_Robert-Marteau_5105.webp\",\"width\":500,\"height\":329,\"caption\":\"Robert Marteau\"},\"logo\":{\"@id\":\"https:\/\/robertmarteau.fr\/#\/schema\/person\/image\/\"},\"sameAs\":[\"http:\/\/robertmarteau.fr\",\"https:\/\/fr.wikipedia.org\/wiki\/Robert_Marteau\"]}]}<\/script>\n<!-- \/ Yoast SEO plugin. -->","yoast_head_json":{"title":"Contact - Robert Marteau","robots":{"index":"index","follow":"follow","max-snippet":"max-snippet:-1","max-image-preview":"max-image-preview:large","max-video-preview":"max-video-preview:-1"},"canonical":"https:\/\/robertmarteau.fr\/index.php\/contact\/","og_locale":"fr_FR","og_type":"article","og_title":"Contact - Robert Marteau","og_description":"Contact Ce site internet est l&rsquo;oeuvre de la Soci\u00e9t\u00e9 des Amis de Robert Marteau, association loi 1901 qui a pour but de pr\u00e9server et faire rayonner l&rsquo;oeuvre du po\u00e8te. L&rsquo;association a \u00e9t\u00e9 cr\u00e9\u00e9e par sa fille Fran\u00e7oise Chevenne en 2016. Elle est compos\u00e9e des ayants droits de Robert Marteau, de ses amis et universitaires. N&rsquo;h\u00e9sitez &hellip; Contact Lire la suite\u00a0\u00bb","og_url":"https:\/\/robertmarteau.fr\/index.php\/contact\/","og_site_name":"Robert Marteau","article_modified_time":"2022-11-09T14:23:33+00:00","twitter_card":"summary_large_image","twitter_misc":{"Dur\u00e9e de lecture estim\u00e9e":"1 minute"},"schema":{"@context":"https:\/\/schema.org","@graph":[{"@type":"WebPage","@id":"https:\/\/robertmarteau.fr\/index.php\/contact\/","url":"https:\/\/robertmarteau.fr\/index.php\/contact\/","name":"Contact - Robert Marteau","isPartOf":{"@id":"https:\/\/robertmarteau.fr\/#website"},"datePublished":"2021-05-25T10:15:10+00:00","dateModified":"2022-11-09T14:23:33+00:00","breadcrumb":{"@id":"https:\/\/robertmarteau.fr\/index.php\/contact\/#breadcrumb"},"inLanguage":"fr-FR","potentialAction":[{"@type":"ReadAction","target":["https:\/\/robertmarteau.fr\/index.php\/contact\/"]}]},{"@type":"BreadcrumbList","@id":"https:\/\/robertmarteau.fr\/index.php\/contact\/#breadcrumb","itemListElement":[{"@type":"ListItem","position":1,"name":"Accueil","item":"https:\/\/robertmarteau.fr\/"},{"@type":"ListItem","position":2,"name":"Contact"}]},{"@type":"WebSite","@id":"https:\/\/robertmarteau.fr\/#website","url":"https:\/\/robertmarteau.fr\/","name":"Robert Marteau","description":"Site officiel du po\u00e8te et \u00e9crivain fran\u00e7ais Robert Marteau","publisher":{"@id":"https:\/\/robertmarteau.fr\/#\/schema\/person\/c547468caeef49b142c01cd676400c19"},"potentialAction":[{"@type":"SearchAction","target":{"@type":"EntryPoint","urlTemplate":"https:\/\/robertmarteau.fr\/?s={search_term_string}"},"query-input":"required name=search_term_string"}],"inLanguage":"fr-FR"},{"@type":["Person","Organization"],"@id":"https:\/\/robertmarteau.fr\/#\/schema\/person\/c547468caeef49b142c01cd676400c19","name":"Robert Marteau","image":{"@type":"ImageObject","inLanguage":"fr-FR","@id":"https:\/\/robertmarteau.fr\/#\/schema\/person\/image\/","url":"https:\/\/robertmarteau.fr\/wp-content\/uploads\/2022\/10\/AVT_Robert-Marteau_5105.webp","contentUrl":"https:\/\/robertmarteau.fr\/wp-content\/uploads\/2022\/10\/AVT_Robert-Marteau_5105.webp","width":500,"height":329,"caption":"Robert Marteau"},"logo":{"@id":"https:\/\/robertmarteau.fr\/#\/schema\/person\/image\/"},"sameAs":["http:\/\/robertmarteau.fr","https:\/\/fr.wikipedia.org\/wiki\/Robert_Marteau"]}]}},"_links":{"self":[{"href":"https:\/\/robertmarteau.fr\/index.php\/wp-json\/wp\/v2\/pages\/32","targetHints":{"allow":["GET"]}}],"collection":[{"href":"https:\/\/robertmarteau.fr\/index.php\/wp-json\/wp\/v2\/pages"}],"about":[{"href":"https:\/\/robertmarteau.fr\/index.php\/wp-json\/wp\/v2\/types\/page"}],"author":[{"embeddable":true,"href":"https:\/\/robertmarteau.fr\/index.php\/wp-json\/wp\/v2\/users\/1"}],"replies":[{"embeddable":true,"href":"https:\/\/robertmarteau.fr\/index.php\/wp-json\/wp\/v2\/comments?post=32"}],"version-history":[{"count":13,"href":"https:\/\/robertmarteau.fr\/index.php\/wp-json\/wp\/v2\/pages\/32\/revisions"}],"predecessor-version":[{"id":954,"href":"https:\/\/robertmarteau.fr\/index.php\/wp-json\/wp\/v2\/pages\/32\/revisions\/954"}],"wp:attachment":[{"href":"https:\/\/robertmarteau.fr\/index.php\/wp-json\/wp\/v2\/media?parent=32"}],"curies":[{"name":"wp","href":"https:\/\/api.w.org\/{rel}","templated":true}]}}